{"id":2,"date":"2021-01-20T10:22:59","date_gmt":"2021-01-20T10:22:59","guid":{"rendered":"https:\/\/krzysztofkasprzyk.pl\/?page_id=2"},"modified":"2026-03-18T15:58:24","modified_gmt":"2026-03-18T15:58:24","slug":"sample-page","status":"publish","type":"page","link":"https:\/\/krzysztofkasprzyk.pl\/","title":{"rendered":"Krzysztof Kasprzyk"},"content":{"rendered":"\n<p>Firma Krzysztof Kasprzyk prowadzi dzia\u0142alno\u015b\u0107 hotelarsk\u0105 w obiektach:<\/p>\n\n\n\n<ul><li>Hotel Mercure Karpacz Skalny ul. Obro\u0144c\u00f3w Pokoju 5, 58-540 Karpacz<\/li><li>Hotel Mercure Jelenia G\u00f3ra ul. Sudecka 63, 58-500 Jelenia G\u00f3ra&nbsp;<\/li><\/ul>\n\n\n\n<h2>Hotel Mercure Karpacz Skalny<\/h2>\n\n\n\n<p>ul. Obro\u0144c\u00f3w Pokoju 5, 58-540 Karpacz<\/p>\n\n\n\n<figure class=\"wp-block-gallery columns-3 is-cropped\"><ul class=\"blocks-gallery-grid\"><li class=\"blocks-gallery-item\"><figure><img loading=\"lazy\" width=\"1024\" height=\"683\" src=\"https:\/\/krzysztofkasprzyk.pl\/wp-content\/uploads\/2026\/03\/IMG_6043-1024x683.jpeg\" alt=\"\" data-id=\"47\" data-full-url=\"https:\/\/krzysztofkasprzyk.pl\/wp-content\/uploads\/2026\/03\/IMG_6043-scaled.jpeg\" data-link=\"https:\/\/krzysztofkasprzyk.pl\/index.php\/sample-page\/img_6043\/\" class=\"wp-image-47\" srcset=\"https:\/\/krzysztofkasprzyk.pl\/wp-content\/uploads\/2026\/03\/IMG_6043-1024x683.jpeg 1024w, https:\/\/krzysztofkasprzyk.pl\/wp-content\/uploads\/2026\/03\/IMG_6043-300x200.jpeg 300w, https:\/\/krzysztofkasprzyk.pl\/wp-content\/uploads\/2026\/03\/IMG_6043-768x512.jpeg 768w, https:\/\/krzysztofkasprzyk.pl\/wp-content\/uploads\/2026\/03\/IMG_6043-1536x1024.jpeg 1536w, https:\/\/krzysztofkasprzyk.pl\/wp-content\/uploads\/2026\/03\/IMG_6043-2048x1365.jpeg 2048w\" sizes=\"(max-width: 1024px) 100vw, 1024px\" \/><\/figure><\/li><li class=\"blocks-gallery-item\"><figure><img loading=\"lazy\" width=\"1024\" height=\"681\" src=\"https:\/\/krzysztofkasprzyk.pl\/wp-content\/uploads\/2021\/01\/KAR1-1024x681.jpg\" alt=\"\" data-id=\"16\" data-full-url=\"https:\/\/krzysztofkasprzyk.pl\/wp-content\/uploads\/2021\/01\/KAR1.jpg\" data-link=\"https:\/\/krzysztofkasprzyk.pl\/index.php\/sample-page\/kar1\/\" class=\"wp-image-16\" srcset=\"https:\/\/krzysztofkasprzyk.pl\/wp-content\/uploads\/2021\/01\/KAR1-1024x681.jpg 1024w, https:\/\/krzysztofkasprzyk.pl\/wp-content\/uploads\/2021\/01\/KAR1-300x199.jpg 300w, https:\/\/krzysztofkasprzyk.pl\/wp-content\/uploads\/2021\/01\/KAR1-768x510.jpg 768w, https:\/\/krzysztofkasprzyk.pl\/wp-content\/uploads\/2021\/01\/KAR1.jpg 1354w\" sizes=\"(max-width: 1024px) 100vw, 1024px\" \/><\/figure><\/li><li class=\"blocks-gallery-item\"><figure><img loading=\"lazy\" width=\"1024\" height=\"683\" src=\"https:\/\/krzysztofkasprzyk.pl\/wp-content\/uploads\/2026\/03\/IMG_6543-1024x683.jpg\" alt=\"\" data-id=\"48\" data-full-url=\"https:\/\/krzysztofkasprzyk.pl\/wp-content\/uploads\/2026\/03\/IMG_6543.jpg\" data-link=\"https:\/\/krzysztofkasprzyk.pl\/index.php\/sample-page\/img_6543\/\" class=\"wp-image-48\" srcset=\"https:\/\/krzysztofkasprzyk.pl\/wp-content\/uploads\/2026\/03\/IMG_6543-1024x683.jpg 1024w, https:\/\/krzysztofkasprzyk.pl\/wp-content\/uploads\/2026\/03\/IMG_6543-300x200.jpg 300w, https:\/\/krzysztofkasprzyk.pl\/wp-content\/uploads\/2026\/03\/IMG_6543-768x512.jpg 768w, https:\/\/krzysztofkasprzyk.pl\/wp-content\/uploads\/2026\/03\/IMG_6543.jpg 1350w\" sizes=\"(max-width: 1024px) 100vw, 1024px\" \/><\/figure><\/li><\/ul><\/figure>\n\n\n\n<h2>Hotel Mercure Jelenia G\u00f3ra<\/h2>\n\n\n\n<p>ul. Sudecka 63, 58-500 Jelenia G\u00f3ra<\/p>\n\n\n\n<figure class=\"wp-block-gallery columns-3 is-cropped\"><ul class=\"blocks-gallery-grid\"><li class=\"blocks-gallery-item\"><figure><img loading=\"lazy\" width=\"1024\" height=\"683\" src=\"https:\/\/krzysztofkasprzyk.pl\/wp-content\/uploads\/2026\/03\/Z-ZEWNATRZ-NOC-1920-1024x683.jpg\" alt=\"\" data-id=\"50\" data-full-url=\"https:\/\/krzysztofkasprzyk.pl\/wp-content\/uploads\/2026\/03\/Z-ZEWNATRZ-NOC-1920.jpg\" data-link=\"https:\/\/krzysztofkasprzyk.pl\/index.php\/sample-page\/z-zewnatrz-noc-1920\/\" class=\"wp-image-50\" srcset=\"https:\/\/krzysztofkasprzyk.pl\/wp-content\/uploads\/2026\/03\/Z-ZEWNATRZ-NOC-1920-1024x683.jpg 1024w, https:\/\/krzysztofkasprzyk.pl\/wp-content\/uploads\/2026\/03\/Z-ZEWNATRZ-NOC-1920-300x200.jpg 300w, https:\/\/krzysztofkasprzyk.pl\/wp-content\/uploads\/2026\/03\/Z-ZEWNATRZ-NOC-1920-768x512.jpg 768w, https:\/\/krzysztofkasprzyk.pl\/wp-content\/uploads\/2026\/03\/Z-ZEWNATRZ-NOC-1920.jpg 1350w\" sizes=\"(max-width: 1024px) 100vw, 1024px\" \/><\/figure><\/li><li class=\"blocks-gallery-item\"><figure><img loading=\"lazy\" width=\"1024\" height=\"683\" src=\"https:\/\/krzysztofkasprzyk.pl\/wp-content\/uploads\/2021\/01\/JEL3-1024x683.jpg\" alt=\"\" data-id=\"21\" data-full-url=\"https:\/\/krzysztofkasprzyk.pl\/wp-content\/uploads\/2021\/01\/JEL3.jpg\" data-link=\"https:\/\/krzysztofkasprzyk.pl\/index.php\/sample-page\/jel3\/\" class=\"wp-image-21\" srcset=\"https:\/\/krzysztofkasprzyk.pl\/wp-content\/uploads\/2021\/01\/JEL3-1024x683.jpg 1024w, https:\/\/krzysztofkasprzyk.pl\/wp-content\/uploads\/2021\/01\/JEL3-300x200.jpg 300w, https:\/\/krzysztofkasprzyk.pl\/wp-content\/uploads\/2021\/01\/JEL3-768x512.jpg 768w, https:\/\/krzysztofkasprzyk.pl\/wp-content\/uploads\/2021\/01\/JEL3.jpg 1350w\" sizes=\"(max-width: 1024px) 100vw, 1024px\" \/><\/figure><\/li><li class=\"blocks-gallery-item\"><figure><img loading=\"lazy\" width=\"1024\" height=\"680\" src=\"https:\/\/krzysztofkasprzyk.pl\/wp-content\/uploads\/2021\/01\/JEL1-1024x680.jpg\" alt=\"\" data-id=\"20\" data-full-url=\"https:\/\/krzysztofkasprzyk.pl\/wp-content\/uploads\/2021\/01\/JEL1.jpg\" data-link=\"https:\/\/krzysztofkasprzyk.pl\/index.php\/sample-page\/jel1\/\" class=\"wp-image-20\" srcset=\"https:\/\/krzysztofkasprzyk.pl\/wp-content\/uploads\/2021\/01\/JEL1-1024x680.jpg 1024w, https:\/\/krzysztofkasprzyk.pl\/wp-content\/uploads\/2021\/01\/JEL1-300x199.jpg 300w, https:\/\/krzysztofkasprzyk.pl\/wp-content\/uploads\/2021\/01\/JEL1-768x510.jpg 768w, https:\/\/krzysztofkasprzyk.pl\/wp-content\/uploads\/2021\/01\/JEL1.jpg 1356w\" sizes=\"(max-width: 1024px) 100vw, 1024px\" \/><\/figure><\/li><\/ul><\/figure>\n\n\n\n<p><strong>Beneficjent:<\/strong><\/p>\n\n\n\n<p><em>Krzysztof Kasprzyk<\/em><\/p>\n\n\n\n<p><strong>Projekt:<\/strong><\/p>\n\n\n\n<p><em>Dotacje na kapita\u0142 obrotowy Programu Operacyjnego Inteligentny Rozw\u00f3j 2014-2020 wsp\u00f3\u0142finansowanego ze \u015brodk\u00f3w Europejskiego Funduszu Rozwoju Regionalnego (Dzia\u0142anie 3.4.) Dofinansowanie Projektu wynios\u0142o: 281.803,56 z\u0142.<\/em><\/p>\n\n\n\n<div class=\"wp-block-image\"><figure class=\"aligncenter size-large\"><img loading=\"lazy\" width=\"1024\" height=\"141\" src=\"https:\/\/krzysztofkasprzyk.pl\/wp-content\/uploads\/2021\/01\/FE_POIR_poziom_pl-1_rgb-1024x141.png\" alt=\"\" class=\"wp-image-30\" srcset=\"https:\/\/krzysztofkasprzyk.pl\/wp-content\/uploads\/2021\/01\/FE_POIR_poziom_pl-1_rgb-1024x141.png 1024w, https:\/\/krzysztofkasprzyk.pl\/wp-content\/uploads\/2021\/01\/FE_POIR_poziom_pl-1_rgb-300x41.png 300w, https:\/\/krzysztofkasprzyk.pl\/wp-content\/uploads\/2021\/01\/FE_POIR_poziom_pl-1_rgb-768x106.png 768w, https:\/\/krzysztofkasprzyk.pl\/wp-content\/uploads\/2021\/01\/FE_POIR_poziom_pl-1_rgb-1536x211.png 1536w, https:\/\/krzysztofkasprzyk.pl\/wp-content\/uploads\/2021\/01\/FE_POIR_poziom_pl-1_rgb-2048x282.png 2048w\" sizes=\"(max-width: 1024px) 100vw, 1024px\" \/><\/figure><\/div>\n\n\n\n<hr class=\"wp-block-separator is-style-wide\"\/>\n\n\n\n<p>Firma Krzysztof Kasprzyk jest Beneficjentem subwencji finansowej w ramach Tarczy 2.0 Polskiego Funduszu Rozwoju w wysoko\u015bci 3.500.000,00 PLN.<\/p>\n\n\n\n<div class=\"wp-block-image\"><figure class=\"aligncenter size-large is-resized\"><img loading=\"lazy\" src=\"https:\/\/krzysztofkasprzyk.pl\/wp-content\/uploads\/2021\/01\/PFR.png\" alt=\"\" class=\"wp-image-32\" width=\"549\" height=\"113\" srcset=\"https:\/\/krzysztofkasprzyk.pl\/wp-content\/uploads\/2021\/01\/PFR.png 896w, https:\/\/krzysztofkasprzyk.pl\/wp-content\/uploads\/2021\/01\/PFR-300x62.png 300w, https:\/\/krzysztofkasprzyk.pl\/wp-content\/uploads\/2021\/01\/PFR-768x158.png 768w\" sizes=\"(max-width: 549px) 100vw, 549px\" \/><\/figure><\/div>\n\n\n\n<p>Firma Krzysztof Kasprzyk zosta\u0142a obj\u0119ta wsparciem przedsi\u0119wzi\u0119cia z planu rozwojowego realizowanego w ramach programu priorytetowego NaszEauto. Kwota wsparcia wynios\u0142a 40.000,00 z\u0142.<\/p>\n\n\n\n<div class=\"wp-block-image\"><figure class=\"aligncenter size-large\"><img loading=\"lazy\" width=\"1024\" height=\"91\" src=\"https:\/\/krzysztofkasprzyk.pl\/wp-content\/uploads\/2026\/03\/KPO_naklejka_wersja-podstawowa-z-NFOSiGW_-1024x91.jpg\" alt=\"\" class=\"wp-image-41\" srcset=\"https:\/\/krzysztofkasprzyk.pl\/wp-content\/uploads\/2026\/03\/KPO_naklejka_wersja-podstawowa-z-NFOSiGW_-1024x91.jpg 1024w, https:\/\/krzysztofkasprzyk.pl\/wp-content\/uploads\/2026\/03\/KPO_naklejka_wersja-podstawowa-z-NFOSiGW_-300x27.jpg 300w, https:\/\/krzysztofkasprzyk.pl\/wp-content\/uploads\/2026\/03\/KPO_naklejka_wersja-podstawowa-z-NFOSiGW_-768x68.jpg 768w, https:\/\/krzysztofkasprzyk.pl\/wp-content\/uploads\/2026\/03\/KPO_naklejka_wersja-podstawowa-z-NFOSiGW_-1536x136.jpg 1536w, https:\/\/krzysztofkasprzyk.pl\/wp-content\/uploads\/2026\/03\/KPO_naklejka_wersja-podstawowa-z-NFOSiGW_.jpg 2000w\" sizes=\"(max-width: 1024px) 100vw, 1024px\" \/><\/figure><\/div>\n\n\n\n<p><\/p>\n","protected":false},"excerpt":{"rendered":"<p>Firma Krzysztof Kasprzyk prowadzi dzia\u0142alno\u015b\u0107 hotelarsk\u0105 w obiektach: Hotel Mercure Karpacz Skalny ul. Obro\u0144c\u00f3w Pokoju 5, 58-540 Karpacz Hotel Mercure Jelenia G\u00f3ra ul. Sudecka 63, 58-500 Jelenia G\u00f3ra&nbsp; Hotel Mercure Karpacz Skalny ul. Obro\u0144c\u00f3w Pokoju 5, 58-540 Karpacz Hotel Mercure Jelenia G\u00f3ra ul. Sudecka 63, 58-500 Jelenia G\u00f3ra Beneficjent: Krzysztof Kasprzyk Projekt: Dotacje na kapita\u0142 [&hellip;]<\/p>\n","protected":false},"author":1,"featured_media":0,"parent":0,"menu_order":0,"comment_status":"closed","ping_status":"open","template":"","meta":[],"_links":{"self":[{"href":"https:\/\/krzysztofkasprzyk.pl\/index.php\/wp-json\/wp\/v2\/pages\/2"}],"collection":[{"href":"https:\/\/krzysztofkasprzyk.pl\/index.php\/wp-json\/wp\/v2\/pages"}],"about":[{"href":"https:\/\/krzysztofkasprzyk.pl\/index.php\/wp-json\/wp\/v2\/types\/page"}],"author":[{"embeddable":true,"href":"https:\/\/krzysztofkasprzyk.pl\/index.php\/wp-json\/wp\/v2\/users\/1"}],"replies":[{"embeddable":true,"href":"https:\/\/krzysztofkasprzyk.pl\/index.php\/wp-json\/wp\/v2\/comments?post=2"}],"version-history":[{"count":11,"href":"https:\/\/krzysztofkasprzyk.pl\/index.php\/wp-json\/wp\/v2\/pages\/2\/revisions"}],"predecessor-version":[{"id":51,"href":"https:\/\/krzysztofkasprzyk.pl\/index.php\/wp-json\/wp\/v2\/pages\/2\/revisions\/51"}],"wp:attachment":[{"href":"https:\/\/krzysztofkasprzyk.pl\/index.php\/wp-json\/wp\/v2\/media?parent=2"}],"curies":[{"name":"wp","href":"https:\/\/api.w.org\/{rel}","templated":true}]}}